{"id":1929,"date":"2024-09-04T16:00:12","date_gmt":"2024-09-04T08:00:12","guid":{"rendered":"https:\/\/www.shbfpl.com\/?post_type=product&#038;p=1929"},"modified":"2025-01-08T17:00:56","modified_gmt":"2025-01-08T09:00:56","slug":"bemotrizinol-bfp-sp-s","status":"publish","type":"product","link":"https:\/\/www.shbfpl.com\/it\/product\/bemotrizinol-bfp-sp-s\/","title":{"rendered":"Commenti Sur: bisoctrizole \/ BFP-SP M"},"content":{"rendered":"<p><span style=\"font-size: 14pt;\"><strong>Sluritura di ossido di zinco idrofilo \/ BFP-ZDW<\/strong><\/span><\/p>\n<p><span style=\"font-size: 14pt;\">Il filtro UV ad ampio spettro solubile in olio pi\u00f9 efficiente, un efficiente potenziatore delle prestazioni con eccellente fotostabilit\u00e0, stabilizzatore eccezionale per filtri UV fotoinstabili.<\/span><\/p>\n<p><span style=\"font-size: 14pt;\"><strong>Sfida bianca<\/strong><\/span><\/p>\n<p><span style=\"font-size: 14pt;\">BFP-SP S, offre una protezione UVA e UVB ad ampio spettro a base di olio biologico altamente efficace. Ha buone prestazioni come filtro UV ad ampio spettro fotostabile, \u00e8 compatibile con filtri organici e inorganici, soddisfa elevati requisiti di sicurezza ed \u00e8 solubile in olio per un'alta resistenza all'acqua. Questo prodotto soddisfa i pi\u00f9 rigorosi requisiti di protezione UV in tutto il mondo per creme diurne protettive UV e filtri UVB per creme solari impermeabili ad alto SPF.<\/span><\/p>","protected":false},"excerpt":{"rendered":"<p>Bemotrizinol \/ BFP T10AHL \/ BFP-SP S<\/p>","protected":false},"featured_media":1102,"comment_status":"open","ping_status":"closed","template":"","meta":{"_acf_changed":false,"inline_featured_image":false},"product_brand":[],"product_cat":[15],"product_tag":[],"class_list":{"0":"post-1929","1":"product","2":"type-product","3":"status-publish","4":"has-post-thumbnail","6":"product_cat-organic-uv-filters","8":"first","9":"instock","10":"shipping-taxable","11":"product-type-simple"},"acf":[],"_links":{"self":[{"href":"https:\/\/www.shbfpl.com\/it\/wp-json\/wp\/v2\/product\/1929","targetHints":{"allow":["GET"]}}],"collection":[{"href":"https:\/\/www.shbfpl.com\/it\/wp-json\/wp\/v2\/product"}],"about":[{"href":"https:\/\/www.shbfpl.com\/it\/wp-json\/wp\/v2\/types\/product"}],"replies":[{"embeddable":true,"href":"https:\/\/www.shbfpl.com\/it\/wp-json\/wp\/v2\/comments?post=1929"}],"wp:featuredmedia":[{"embeddable":true,"href":"https:\/\/www.shbfpl.com\/it\/wp-json\/wp\/v2\/media\/1102"}],"wp:attachment":[{"href":"https:\/\/www.shbfpl.com\/it\/wp-json\/wp\/v2\/media?parent=1929"}],"wp:term":[{"taxonomy":"product_brand","embeddable":true,"href":"https:\/\/www.shbfpl.com\/it\/wp-json\/wp\/v2\/product_brand?post=1929"},{"taxonomy":"product_cat","embeddable":true,"href":"https:\/\/www.shbfpl.com\/it\/wp-json\/wp\/v2\/product_cat?post=1929"},{"taxonomy":"product_tag","embeddable":true,"href":"https:\/\/www.shbfpl.com\/it\/wp-json\/wp\/v2\/product_tag?post=1929"}],"curies":[{"name":"Fragranze e coloranti","href":"https:\/\/api.w.org\/{rel}","templated":true}]}}